{"id":161,"date":"2020-02-26T09:07:17","date_gmt":"2020-02-26T09:07:17","guid":{"rendered":"https:\/\/demosites.io\/lawyers-gb\/?page_id=161"},"modified":"2022-07-29T22:33:42","modified_gmt":"2022-07-29T22:33:42","slug":"uslugi","status":"publish","type":"page","link":"https:\/\/magdalenapeda.pl\/index.php\/uslugi\/","title":{"rendered":"Zakres us\u0142ug"},"content":{"rendered":"\n<div id=\"wp-block-themeisle-blocks-advanced-columns-1d44478c\" class=\"wp-block-themeisle-blocks-advanced-columns alignfull has-1-columns has-desktop-equal-layout has-tablet-equal-layout has-mobile-equal-layout has-vertical-unset\"><div class=\"wp-block-themeisle-blocks-advanced-columns-overlay\"><\/div><div class=\"innerblocks-wrap\">\n<div id=\"wp-block-themeisle-blocks-advanced-column-24b42ae0\" class=\"wp-block-themeisle-blocks-advanced-column\">\n<p id=\"wp-block-themeisle-blocks-advanced-heading-1aca3177\" class=\"wp-block-themeisle-blocks-advanced-heading wp-block-themeisle-blocks-advanced-heading-1aca3177\"> <\/p>\n\n\n\n<h1 class=\"has-text-align-center has-nv-text-dark-bg-color has-text-color\">Zakres us\u0142ug<\/h1>\n<\/div>\n<\/div><\/div>\n\n\n\n<div id=\"wp-block-themeisle-blocks-advanced-columns-4799159d\" class=\"wp-block-themeisle-blocks-advanced-columns alignfull has-2-columns has-desktop-equal-layout has-tablet-equal-layout has-mobile-collapsedRows-layout has-vertical-center\"><div class=\"wp-block-themeisle-blocks-advanced-columns-overlay\"><\/div><div class=\"innerblocks-wrap\">\n<div id=\"wp-block-themeisle-blocks-advanced-column-d281c4c3\" class=\"wp-block-themeisle-blocks-advanced-column\">\n<figure class=\"wp-block-image size-large is-resized\"><img loading=\"lazy\" src=\"https:\/\/magdalenapeda.pl\/wp-content\/uploads\/2019\/08\/neve-lawyers-demo-18.jpg\" alt=\"\" class=\"wp-image-118\" width=\"509\" height=\"509\"\/><\/figure>\n<\/div>\n\n\n\n<div id=\"wp-block-themeisle-blocks-advanced-column-bb3c1936\" class=\"wp-block-themeisle-blocks-advanced-column\">\n<h2>Zakres us\u0142ug:<\/h2>\n\n\n\n<p> <\/p>\n\n\n\n<div class=\"wp-container-1 is-vertical wp-block-group\">\n<p>Przygotowywanie i konsultowanie zapyta\u0144 ofertowych,<\/p>\n\n\n\n<p>Konsultowanie dokumentacji zam\u00f3wienia publicznego i pomoc w opracowaniu oferty;<\/p>\n\n\n\n<p>Prowadzenie negocjacji z kontrahentami,<\/p>\n\n\n\n<p>Przygotowywanie odwo\u0142a\u0144 do KIO,<\/p>\n\n\n\n<p>Przygotowywanie pozw\u00f3w i pism procesowych (tak\u017ce online),<\/p>\n\n\n\n<p>Reprezentacja procesowa,\u00a0\u00a0<\/p>\n\n\n\n<p>Przygotowywanie um\u00f3w,<\/p>\n\n\n\n<p>Sporz\u0105dzanie opinii prawnych,<\/p>\n\n\n\n<p>Przygotowywanie innych wewn\u0119trznych akt\u00f3w prawnych,<\/p>\n\n\n\n<p>Dochodzenie nale\u017cno\u015bci pieni\u0119\u017cnych od d\u0142u\u017cnik\u00f3w (obs\u0142uga windykacji),<\/p>\n\n\n\n<p>Wsparcie przy rejestracji w KRS lub w ewidencji dzia\u0142alno\u015bci gospodarczej,<\/p>\n\n\n\n<p>Prowadzenie mediacji.<\/p>\n<\/div>\n\n\n\n<div id=\"wp-block-themeisle-blocks-button-group-8fd43d2a\" class=\"wp-block-themeisle-blocks-button-group wp-block-buttons\">\n<div id=\"wp-block-themeisle-blocks-button-dbb09ed6\" class=\"wp-block-themeisle-blocks-button wp-block-button is-style-fill\"><a href=\"https:\/\/magdalenapeda.pl\/index.php\/kontakt\/\" target=\"_self\" rel=\"noopener noreferrer\" class=\"wp-block-button__link\"><span>Kontakt<\/span><\/a><\/div>\n<\/div>\n<\/div>\n<\/div><\/div>\n","protected":false},"excerpt":{"rendered":"","protected":false},"author":1,"featured_media":0,"parent":0,"menu_order":0,"comment_status":"closed","ping_status":"closed","template":"page-templates\/template-pagebuilder-full-width.php","meta":{"om_disable_all_campaigns":false,"_monsterinsights_skip_tracking":false,"_monsterinsights_sitenote_active":false,"_monsterinsights_sitenote_note":"","_monsterinsights_sitenote_category":0,"neve_meta_sidebar":"full-width","neve_meta_container":"","neve_meta_enable_content_width":"on","neve_meta_content_width":100,"neve_meta_title_alignment":"","neve_meta_author_avatar":"","neve_post_elements_order":"","neve_meta_disable_header":"","neve_meta_disable_footer":"","neve_meta_disable_title":"","_themeisle_gutenberg_block_has_review":false,"_ti_tpc_template_sync":false,"_ti_tpc_template_id":"i7tlnq478aqo7lgacppt"},"aioseo_notices":[],"_links":{"self":[{"href":"https:\/\/magdalenapeda.pl\/index.php\/wp-json\/wp\/v2\/pages\/161"}],"collection":[{"href":"https:\/\/magdalenapeda.pl\/index.php\/wp-json\/wp\/v2\/pages"}],"about":[{"href":"https:\/\/magdalenapeda.pl\/index.php\/wp-json\/wp\/v2\/types\/page"}],"author":[{"embeddable":true,"href":"https:\/\/magdalenapeda.pl\/index.php\/wp-json\/wp\/v2\/users\/1"}],"replies":[{"embeddable":true,"href":"https:\/\/magdalenapeda.pl\/index.php\/wp-json\/wp\/v2\/comments?post=161"}],"version-history":[{"count":9,"href":"https:\/\/magdalenapeda.pl\/index.php\/wp-json\/wp\/v2\/pages\/161\/revisions"}],"predecessor-version":[{"id":303,"href":"https:\/\/magdalenapeda.pl\/index.php\/wp-json\/wp\/v2\/pages\/161\/revisions\/303"}],"wp:attachment":[{"href":"https:\/\/magdalenapeda.pl\/index.php\/wp-json\/wp\/v2\/media?parent=161"}],"curies":[{"name":"wp","href":"https:\/\/api.w.org\/{rel}","templated":true}]}}