{"id":151,"date":"2020-02-25T12:12:35","date_gmt":"2020-02-25T12:12:35","guid":{"rendered":"https:\/\/demosites.io\/lawyers-gb\/?page_id=151"},"modified":"2025-01-21T19:56:05","modified_gmt":"2025-01-21T19:56:05","slug":"o-mnie","status":"publish","type":"page","link":"https:\/\/magdalenapeda.pl\/index.php\/o-mnie\/","title":{"rendered":"O mnie"},"content":{"rendered":"\t\t<div data-elementor-type=\"wp-page\" data-elementor-id=\"151\" class=\"elementor elementor-151\">\n\t\t\t\t\t\t\t\t\t<section class=\"elementor-section elementor-top-section elementor-element elementor-element-e188a7c elementor-section-boxed elementor-section-height-default elementor-section-height-default\" data-id=\"e188a7c\" data-element_type=\"section\">\n\t\t\t\t\t\t<div class=\"elementor-container elementor-column-gap-default\">\n\t\t\t\t\t<div class=\"elementor-column elementor-col-100 elementor-top-column elementor-element elementor-element-14d95dba\" data-id=\"14d95dba\" data-element_type=\"column\">\n\t\t\t<div class=\"elementor-widget-wrap elementor-element-populated\">\n\t\t\t\t\t\t\t\t<section class=\"elementor-section elementor-inner-section elementor-element elementor-element-666ca08 elementor-section-boxed elementor-section-height-default elementor-section-height-default\" data-id=\"666ca08\" data-element_type=\"section\">\n\t\t\t\t\t\t<div class=\"elementor-container elementor-column-gap-default\">\n\t\t\t\t\t<div class=\"elementor-column elementor-col-50 elementor-inner-column elementor-element elementor-element-280bd96\" data-id=\"280bd96\" data-element_type=\"column\">\n\t\t\t<div class=\"elementor-widget-wrap elementor-element-populated\">\n\t\t\t\t\t\t\t\t<div class=\"elementor-element elementor-element-f124354 elementor-widget elementor-widget-image\" data-id=\"f124354\" data-element_type=\"widget\" data-widget_type=\"image.default\">\n\t\t\t\t<div class=\"elementor-widget-container\">\n\t\t\t<style>\/*! elementor - v3.6.8 - 27-07-2022 *\/\n.elementor-widget-image{text-align:center}.elementor-widget-image a{display:inline-block}.elementor-widget-image a img[src$=\".svg\"]{width:48px}.elementor-widget-image img{vertical-align:middle;display:inline-block}<\/style>\t\t\t\t\t\t\t\t\t\t\t\t<img src=\"https:\/\/magdalenapeda.pl\/wp-content\/uploads\/elementor\/thumbs\/Img347-2-scaled-q0kr329regdtcspv4cgtblbjuvhf9xz30o47v3a67k.jpg\" title=\"photo\" alt=\"photo\" \/>\t\t\t\t\t\t\t\t\t\t\t\t\t\t\t<\/div>\n\t\t\t\t<\/div>\n\t\t\t\t\t<\/div>\n\t\t<\/div>\n\t\t\t\t<div class=\"elementor-column elementor-col-50 elementor-inner-column elementor-element elementor-element-da5c092\" data-id=\"da5c092\" data-element_type=\"column\">\n\t\t\t<div class=\"elementor-widget-wrap elementor-element-populated\">\n\t\t\t\t\t\t\t\t<div class=\"elementor-element elementor-element-1fd116e elementor-widget elementor-widget-text-editor\" data-id=\"1fd116e\" data-element_type=\"widget\" data-widget_type=\"text-editor.default\">\n\t\t\t\t<div class=\"elementor-widget-container\">\n\t\t\t<style>\/*! elementor - v3.6.8 - 27-07-2022 *\/\n.elementor-widget-text-editor.elementor-drop-cap-view-stacked .elementor-drop-cap{background-color:#818a91;color:#fff}.elementor-widget-text-editor.elementor-drop-cap-view-framed .elementor-drop-cap{color:#818a91;border:3px solid;background-color:transparent}.elementor-widget-text-editor:not(.elementor-drop-cap-view-default) .elementor-drop-cap{margin-top:8px}.elementor-widget-text-editor:not(.elementor-drop-cap-view-default) .elementor-drop-cap-letter{width:1em;height:1em}.elementor-widget-text-editor .elementor-drop-cap{float:left;text-align:center;line-height:1;font-size:50px}.elementor-widget-text-editor .elementor-drop-cap-letter{display:inline-block}<\/style>\t\t\t\t<p>Jestem adwokatem i mediatorem. Uko\u0144czy\u0142am Wydzia\u0142 Prawa i Administracji Uniwersytetu Szczeci\u0144skiego. Aplikacj\u0119 adwokack\u0105 odby\u0142am przy Okr\u0119gowej Radzie Adwokackiej w Szczecinie.<\/p>\n<p><\/p>\n<p>\u015awiadcz\u0119 kompleksow\u0105 obs\u0142ug\u0119 prawn\u0105 klient\u00f3w. Specjalizuj\u0119 si\u0119 g\u0142\u00f3wnie we wspieraniu organizacji pozarz\u0105dowych, a tak\u017ce podmiot\u00f3w gospodarczych w bie\u017c\u0105cym ich funkcjonowaniu. Wyr\u00f3\u017cnia mnie wysokie zaanga\u017cowanie i rzetelno\u015b\u0107 dzia\u0142ania.<\/p>\n<p><\/p>\n<p>Jako mediator \u015bwiadcz\u0119 pomoc w&nbsp;rozwi\u0105zywaniu konflikt\u00f3w, a tak\u017ce prowadz\u0119 mediacje s\u0105dowe i&nbsp;pozas\u0105dowe.<\/p>\n<p><\/p>\n<p>Interesuj\u0119 si\u0119 szeroko rozumianymi zagadnieniami dost\u0119pno\u015bci dla os\u00f3b ze szczeg\u00f3lnymi potrzebami, w tym os\u00f3b z niepe\u0142nosprawno\u015bciami. Wsp\u00f3lnie z jednym z wiod\u0105cych w tym obszarze Stowarzyszeniem wspieram podmioty publiczne i niepubliczne w zakresie realizacji dzia\u0142a\u0144 na rzecz zwi\u0119kszania zapewniania dost\u0119pno\u015bci, w tym prowadz\u0119 szkolenia z zakresu zasad zapewniania dost\u0119pno\u015bci. W dost\u0119pno\u015bci stawiam na otwarto\u015b\u0107 na drugiego cz\u0142owieka oraz jego potrzeby.<\/p>\t\t\t\t\t\t<\/div>\n\t\t\t\t<\/div>\n\t\t\t\t\t<\/div>\n\t\t<\/div>\n\t\t\t\t\t\t\t<\/div>\n\t\t<\/section>\n\t\t\t\t\t<\/div>\n\t\t<\/div>\n\t\t\t\t\t\t\t<\/div>\n\t\t<\/section>\n\t\t\t\t<section class=\"elementor-section elementor-top-section elementor-element elementor-element-d6f0666 elementor-section-boxed elementor-section-height-default elementor-section-height-default\" data-id=\"d6f0666\" data-element_type=\"section\">\n\t\t\t\t\t\t<div class=\"elementor-container elementor-column-gap-default\">\n\t\t\t\t\t<div class=\"elementor-column elementor-col-100 elementor-top-column elementor-element elementor-element-897ef7c\" data-id=\"897ef7c\" data-element_type=\"column\">\n\t\t\t<div class=\"elementor-widget-wrap elementor-element-populated\">\n\t\t\t\t\t\t\t\t<div class=\"elementor-element elementor-element-2644ecf elementor-widget elementor-widget-image-gallery\" data-id=\"2644ecf\" data-element_type=\"widget\" data-widget_type=\"image-gallery.default\">\n\t\t\t\t<div class=\"elementor-widget-container\">\n\t\t\t<style>\/*! elementor - v3.6.8 - 27-07-2022 *\/\n.elementor-image-gallery .gallery-item{display:inline-block;text-align:center;vertical-align:top;width:100%;max-width:100%;margin:0 auto}.elementor-image-gallery .gallery-item img{margin:0 auto}.elementor-image-gallery .gallery-item .gallery-caption{margin:0}.elementor-image-gallery figure img{display:block}.elementor-image-gallery figure figcaption{width:100%}.gallery-spacing-custom .elementor-image-gallery .gallery-icon{padding:0}@media (min-width:768px){.elementor-image-gallery .gallery-columns-2 .gallery-item{max-width:50%}.elementor-image-gallery .gallery-columns-3 .gallery-item{max-width:33.33%}.elementor-image-gallery .gallery-columns-4 .gallery-item{max-width:25%}.elementor-image-gallery .gallery-columns-5 .gallery-item{max-width:20%}.elementor-image-gallery .gallery-columns-6 .gallery-item{max-width:16.666%}.elementor-image-gallery .gallery-columns-7 .gallery-item{max-width:14.28%}.elementor-image-gallery .gallery-columns-8 .gallery-item{max-width:12.5%}.elementor-image-gallery .gallery-columns-9 .gallery-item{max-width:11.11%}.elementor-image-gallery .gallery-columns-10 .gallery-item{max-width:10%}}@media (min-width:480px) and (max-width:767px){.elementor-image-gallery .gallery.gallery-columns-2 .gallery-item,.elementor-image-gallery .gallery.gallery-columns-3 .gallery-item,.elementor-image-gallery .gallery.gallery-columns-4 .gallery-item,.elementor-image-gallery .gallery.gallery-columns-5 .gallery-item,.elementor-image-gallery .gallery.gallery-columns-6 .gallery-item,.elementor-image-gallery .gallery.gallery-columns-7 .gallery-item,.elementor-image-gallery .gallery.gallery-columns-8 .gallery-item,.elementor-image-gallery .gallery.gallery-columns-9 .gallery-item,.elementor-image-gallery .gallery.gallery-columns-10 .gallery-item{max-width:50%}}@media (max-width:479px){.elementor-image-gallery .gallery.gallery-columns-2 .gallery-item,.elementor-image-gallery .gallery.gallery-columns-3 .gallery-item,.elementor-image-gallery .gallery.gallery-columns-4 .gallery-item,.elementor-image-gallery .gallery.gallery-columns-5 .gallery-item,.elementor-image-gallery .gallery.gallery-columns-6 .gallery-item,.elementor-image-gallery .gallery.gallery-columns-7 .gallery-item,.elementor-image-gallery .gallery.gallery-columns-8 .gallery-item,.elementor-image-gallery .gallery.gallery-columns-9 .gallery-item,.elementor-image-gallery .gallery.gallery-columns-10 .gallery-item{max-width:100%}}<\/style>\t\t<div class=\"elementor-image-gallery\">\n\t\t\t<div id='gallery-1' class='gallery galleryid-151 gallery-columns-4 gallery-size-thumbnail'><dl class='gallery-item'>\n\t\t\t<dt class='gallery-icon portrait'>\n\t\t\t\t<a data-elementor-open-lightbox=\"yes\" data-elementor-lightbox-slideshow=\"2644ecf\" data-elementor-lightbox-title=\"4\" e-action-hash=\"#elementor-action%3Aaction%3Dlightbox%26settings%3DeyJpZCI6MzI2LCJ1cmwiOiJodHRwczpcL1wvbWFnZGFsZW5hcGVkYS5wbFwvd3AtY29udGVudFwvdXBsb2Fkc1wvMjAyM1wvMDFcLzQtc2NhbGVkLmpwZyIsInNsaWRlc2hvdyI6IjI2NDRlY2YifQ%3D%3D\" href='https:\/\/magdalenapeda.pl\/wp-content\/uploads\/2023\/01\/4-scaled.jpg'><img width=\"150\" height=\"150\" src=\"https:\/\/magdalenapeda.pl\/wp-content\/uploads\/2023\/01\/4-150x150.jpg\" class=\"attachment-thumbnail size-thumbnail\" alt=\"\" loading=\"lazy\" \/><\/a>\n\t\t\t<\/dt><\/dl><dl class='gallery-item'>\n\t\t\t<dt class='gallery-icon landscape'>\n\t\t\t\t<a data-elementor-open-lightbox=\"yes\" data-elementor-lightbox-slideshow=\"2644ecf\" data-elementor-lightbox-title=\"3\" e-action-hash=\"#elementor-action%3Aaction%3Dlightbox%26settings%3DeyJpZCI6MzI1LCJ1cmwiOiJodHRwczpcL1wvbWFnZGFsZW5hcGVkYS5wbFwvd3AtY29udGVudFwvdXBsb2Fkc1wvMjAyM1wvMDFcLzMtc2NhbGVkLmpwZyIsInNsaWRlc2hvdyI6IjI2NDRlY2YifQ%3D%3D\" href='https:\/\/magdalenapeda.pl\/wp-content\/uploads\/2023\/01\/3-scaled.jpg'><img width=\"150\" height=\"150\" src=\"https:\/\/magdalenapeda.pl\/wp-content\/uploads\/2023\/01\/3-150x150.jpg\" class=\"attachment-thumbnail size-thumbnail\" alt=\"\" loading=\"lazy\" \/><\/a>\n\t\t\t<\/dt><\/dl><dl class='gallery-item'>\n\t\t\t<dt class='gallery-icon landscape'>\n\t\t\t\t<a data-elementor-open-lightbox=\"yes\" data-elementor-lightbox-slideshow=\"2644ecf\" data-elementor-lightbox-title=\"2\" e-action-hash=\"#elementor-action%3Aaction%3Dlightbox%26settings%3DeyJpZCI6MzI0LCJ1cmwiOiJodHRwczpcL1wvbWFnZGFsZW5hcGVkYS5wbFwvd3AtY29udGVudFwvdXBsb2Fkc1wvMjAyM1wvMDFcLzItc2NhbGVkLmpwZyIsInNsaWRlc2hvdyI6IjI2NDRlY2YifQ%3D%3D\" href='https:\/\/magdalenapeda.pl\/wp-content\/uploads\/2023\/01\/2-scaled.jpg'><img width=\"150\" height=\"150\" src=\"https:\/\/magdalenapeda.pl\/wp-content\/uploads\/2023\/01\/2-150x150.jpg\" class=\"attachment-thumbnail size-thumbnail\" alt=\"\" loading=\"lazy\" \/><\/a>\n\t\t\t<\/dt><\/dl><dl class='gallery-item'>\n\t\t\t<dt class='gallery-icon landscape'>\n\t\t\t\t<a data-elementor-open-lightbox=\"yes\" data-elementor-lightbox-slideshow=\"2644ecf\" data-elementor-lightbox-title=\"1\" e-action-hash=\"#elementor-action%3Aaction%3Dlightbox%26settings%3DeyJpZCI6MzIzLCJ1cmwiOiJodHRwczpcL1wvbWFnZGFsZW5hcGVkYS5wbFwvd3AtY29udGVudFwvdXBsb2Fkc1wvMjAyM1wvMDFcLzEuanBnIiwic2xpZGVzaG93IjoiMjY0NGVjZiJ9\" href='https:\/\/magdalenapeda.pl\/wp-content\/uploads\/2023\/01\/1.jpg'><img width=\"150\" height=\"150\" src=\"https:\/\/magdalenapeda.pl\/wp-content\/uploads\/2023\/01\/1-150x150.jpg\" class=\"attachment-thumbnail size-thumbnail\" alt=\"\" loading=\"lazy\" \/><\/a>\n\t\t\t<\/dt><\/dl><br style=\"clear: both\" \/>\n\t\t<\/div>\n\t\t<\/div>\n\t\t\t\t<\/div>\n\t\t\t\t<\/div>\n\t\t\t\t\t<\/div>\n\t\t<\/div>\n\t\t\t\t\t\t\t<\/div>\n\t\t<\/section>\n\t\t\t\t\t\t\t<\/div>\n\t\t","protected":false},"excerpt":{"rendered":"<p>Jestem adwokatem i mediatorem. Uko\u0144czy\u0142am Wydzia\u0142 Prawa i Administracji Uniwersytetu Szczeci\u0144skiego. Aplikacj\u0119 adwokack\u0105 odby\u0142am przy Okr\u0119gowej Radzie Adwokackiej w Szczecinie. \u015awiadcz\u0119 kompleksow\u0105 obs\u0142ug\u0119 prawn\u0105 klient\u00f3w. Specjalizuj\u0119 si\u0119 g\u0142\u00f3wnie we wspieraniu organizacji pozarz\u0105dowych, a tak\u017ce podmiot\u00f3w gospodarczych w bie\u017c\u0105cym ich funkcjonowaniu. Wyr\u00f3\u017cnia mnie wysokie zaanga\u017cowanie i rzetelno\u015b\u0107 dzia\u0142ania. Jako mediator \u015bwiadcz\u0119 pomoc w&nbsp;rozwi\u0105zywaniu konflikt\u00f3w, a tak\u017ce&hellip;&nbsp;<a href=\"https:\/\/magdalenapeda.pl\/index.php\/o-mnie\/\" class=\"\" rel=\"bookmark\">Czytaj dalej &raquo;<span class=\"screen-reader-text\">O mnie<\/span><\/a><\/p>\n","protected":false},"author":1,"featured_media":0,"parent":0,"menu_order":0,"comment_status":"closed","ping_status":"closed","template":"","meta":{"om_disable_all_campaigns":false,"_monsterinsights_skip_tracking":false,"_monsterinsights_sitenote_active":false,"_monsterinsights_sitenote_note":"","_monsterinsights_sitenote_category":0,"neve_meta_sidebar":"full-width","neve_meta_container":"contained","neve_meta_enable_content_width":"on","neve_meta_content_width":100,"neve_meta_title_alignment":"","neve_meta_author_avatar":"","neve_post_elements_order":"","neve_meta_disable_header":"","neve_meta_disable_footer":"","neve_meta_disable_title":"on","_themeisle_gutenberg_block_has_review":false,"_ti_tpc_template_sync":false,"_ti_tpc_template_id":""},"aioseo_notices":[],"_links":{"self":[{"href":"https:\/\/magdalenapeda.pl\/index.php\/wp-json\/wp\/v2\/pages\/151"}],"collection":[{"href":"https:\/\/magdalenapeda.pl\/index.php\/wp-json\/wp\/v2\/pages"}],"about":[{"href":"https:\/\/magdalenapeda.pl\/index.php\/wp-json\/wp\/v2\/types\/page"}],"author":[{"embeddable":true,"href":"https:\/\/magdalenapeda.pl\/index.php\/wp-json\/wp\/v2\/users\/1"}],"replies":[{"embeddable":true,"href":"https:\/\/magdalenapeda.pl\/index.php\/wp-json\/wp\/v2\/comments?post=151"}],"version-history":[{"count":36,"href":"https:\/\/magdalenapeda.pl\/index.php\/wp-json\/wp\/v2\/pages\/151\/revisions"}],"predecessor-version":[{"id":356,"href":"https:\/\/magdalenapeda.pl\/index.php\/wp-json\/wp\/v2\/pages\/151\/revisions\/356"}],"wp:attachment":[{"href":"https:\/\/magdalenapeda.pl\/index.php\/wp-json\/wp\/v2\/media?parent=151"}],"curies":[{"name":"wp","href":"https:\/\/api.w.org\/{rel}","templated":true}]}}