{"id":142,"date":"2020-02-24T14:01:31","date_gmt":"2020-02-24T14:01:31","guid":{"rendered":"https:\/\/demosites.io\/lawyers-gb\/?page_id=142"},"modified":"2022-07-29T22:26:39","modified_gmt":"2022-07-29T22:26:39","slug":"kancelaria","status":"publish","type":"page","link":"https:\/\/magdalenapeda.pl\/","title":{"rendered":"Kancelaria"},"content":{"rendered":"\n<div id=\"wp-block-themeisle-blocks-advanced-columns-b4c18e12\" class=\"wp-block-themeisle-blocks-advanced-columns alignfull has-1-columns has-desktop-equal-layout has-tablet-equal-layout has-mobile-equal-layout has-vertical-unset\"><div class=\"wp-block-themeisle-blocks-advanced-columns-overlay\"><\/div><div class=\"innerblocks-wrap\">\n<div id=\"wp-block-themeisle-blocks-advanced-column-cef12066\" class=\"wp-block-themeisle-blocks-advanced-column\">\n<h2 class=\"has-text-align-center has-nv-text-dark-bg-color has-text-color\"> PROFESJONALIZM, <\/h2>\n\n\n\n<h2 class=\"has-text-align-center has-nv-text-dark-bg-color has-text-color\">ETYKA, <\/h2>\n\n\n\n<h2 class=\"has-text-align-center has-nv-text-dark-bg-color has-text-color\">OTWARTO\u015a\u0106, <\/h2>\n\n\n\n<h2 class=\"has-text-align-center has-nv-text-dark-bg-color has-text-color\">ZROZUMIENIE.<\/h2>\n\n\n\n<p id=\"wp-block-themeisle-blocks-advanced-heading-6b0e9002\" class=\"wp-block-themeisle-blocks-advanced-heading wp-block-themeisle-blocks-advanced-heading-6b0e9002\">Adwokat Magdalena Peda<\/p>\n<\/div>\n<\/div><\/div>\n\n\n\n<div id=\"wp-block-themeisle-blocks-advanced-columns-704b200e\" class=\"wp-block-themeisle-blocks-advanced-columns alignfull has-2-columns has-desktop-equal-layout has-tablet-equal-layout has-mobile-collapsedRows-layout has-vertical-center\"><div class=\"wp-block-themeisle-blocks-advanced-columns-overlay\"><\/div><div class=\"innerblocks-wrap\">\n<div id=\"wp-block-themeisle-blocks-advanced-column-973d034a\" class=\"wp-block-themeisle-blocks-advanced-column\">\n<h2>Do\u015bwiadczenie i wiedza.<\/h2>\n\n\n\n<p>Wykorzystuj\u0105c zdobyt\u0105 wiedz\u0119 prawnicz\u0105 i wieloletnie do\u015bwiadczenie wspieram swoich Klient\u00f3w w rozwi\u0105zywaniu problem\u00f3w prawnych i znajdywaniu optymalnych dla nich rozwi\u0105za\u0144. Staram si\u0119 aby otoczenie prawne by\u0142o dla nich jak najbardziej przyjazne i zrozumia\u0142e. W swojej codziennej pracy stawiam na \u00a0bardzo dobre przygotowanie merytoryczne, indywidualne podej\u015bcie, dyskrecj\u0119 i zaufanie. \u00a0Stale poszerzam swoje kompetencje i wiedz\u0119 d\u0105\u017c\u0105c do zapewnienia swoim Klientom najwy\u017cszej jako\u015bci us\u0142ug.<\/p>\n\n\n\n<div id=\"wp-block-themeisle-blocks-button-group-7dfe5d62\" class=\"wp-block-themeisle-blocks-button-group wp-block-buttons\">\n<div id=\"wp-block-themeisle-blocks-button-8541a652\" class=\"wp-block-themeisle-blocks-button wp-block-button\"><a href=\"https:\/\/magdalenapeda.pl\/index.php\/o-mnie\/\" target=\"_self\" rel=\"noopener noreferrer\" class=\"wp-block-button__link\"><span>Wi\u0119cej o mnie..<\/span><\/a><\/div>\n<\/div>\n<\/div>\n\n\n\n<div id=\"wp-block-themeisle-blocks-advanced-column-25583956\" class=\"wp-block-themeisle-blocks-advanced-column\">\n<figure class=\"wp-block-image size-large\"><img loading=\"lazy\" width=\"970\" height=\"1024\" src=\"https:\/\/magdalenapeda.pl\/wp-content\/uploads\/2022\/07\/20191126_171158-970x1024.jpg\" alt=\"\" class=\"wp-image-234\" srcset=\"https:\/\/magdalenapeda.pl\/wp-content\/uploads\/2022\/07\/20191126_171158-970x1024.jpg 970w, https:\/\/magdalenapeda.pl\/wp-content\/uploads\/2022\/07\/20191126_171158-284x300.jpg 284w, https:\/\/magdalenapeda.pl\/wp-content\/uploads\/2022\/07\/20191126_171158-768x811.jpg 768w, https:\/\/magdalenapeda.pl\/wp-content\/uploads\/2022\/07\/20191126_171158-1455x1536.jpg 1455w, https:\/\/magdalenapeda.pl\/wp-content\/uploads\/2022\/07\/20191126_171158-1940x2048.jpg 1940w\" sizes=\"(max-width: 970px) 100vw, 970px\" \/><\/figure>\n<\/div>\n<\/div><\/div>\n\n\n\n<div id=\"wp-block-themeisle-blocks-advanced-columns-9b29ca44\" class=\"wp-block-themeisle-blocks-advanced-columns alignfull has-1-columns has-desktop-equal-layout has-tablet-equal-layout has-mobile-equal-layout has-vertical-top\"><div class=\"wp-block-themeisle-blocks-advanced-columns-overlay\"><\/div><div class=\"innerblocks-wrap\">\n<div id=\"wp-block-themeisle-blocks-advanced-column-86c8f629\" class=\"wp-block-themeisle-blocks-advanced-column\">\n<p id=\"wp-block-themeisle-blocks-advanced-heading-c688fcb5\" class=\"wp-block-themeisle-blocks-advanced-heading wp-block-themeisle-blocks-advanced-heading-c688fcb5\"> <\/p>\n\n\n\n<h2 class=\"has-text-align-center\"> Obszary dzia\u0142alno\u015bci <\/h2>\n<\/div>\n<\/div><\/div>\n\n\n\n<div id=\"wp-block-themeisle-blocks-advanced-columns-90845b53\" class=\"wp-block-themeisle-blocks-advanced-columns alignfull has-4-columns has-desktop-equal-layout has-tablet-equal-layout has-mobile-collapsedRows-layout has-vertical-unset\"><div class=\"wp-block-themeisle-blocks-advanced-columns-overlay\"><\/div><div class=\"innerblocks-wrap\">\n<div id=\"wp-block-themeisle-blocks-advanced-column-f4d0871c\" class=\"wp-block-themeisle-blocks-advanced-column\">\n<div class=\"wp-block-themeisle-blocks-service\">\n<div id=\"wp-block-themeisle-blocks-font-awesome-icons-6c3ffa57\" class=\"wp-block-themeisle-blocks-font-awesome-icons\"><span class=\"wp-block-themeisle-blocks-font-awesome-icons-container\"><i class=\"fab fa-accessible-icon\"><\/i><\/span><\/div>\n\n\n\n<h4 id=\"wp-block-themeisle-blocks-advanced-heading-0581cdc3\" class=\"wp-block-themeisle-blocks-advanced-heading wp-block-themeisle-blocks-advanced-heading-0581cdc3\">     Dost\u0119pno\u015b\u0107 dla               os\u00f3b ze szczeg\u00f3lnymi potrzebami <\/h4>\n\n\n\n<p id=\"wp-block-themeisle-blocks-advanced-heading-6965a25d\" class=\"wp-block-themeisle-blocks-advanced-heading wp-block-themeisle-blocks-advanced-heading-6965a25d\"> <\/p>\n<\/div>\n<\/div>\n\n\n\n<div id=\"wp-block-themeisle-blocks-advanced-column-564d471f\" class=\"wp-block-themeisle-blocks-advanced-column\">\n<div class=\"wp-block-themeisle-blocks-service\">\n<div id=\"wp-block-themeisle-blocks-font-awesome-icons-e280d688\" class=\"wp-block-themeisle-blocks-font-awesome-icons\"><span class=\"wp-block-themeisle-blocks-font-awesome-icons-container\"><i class=\"fas fa-blind\"><\/i><\/span><\/div>\n\n\n\n<h4 id=\"wp-block-themeisle-blocks-advanced-heading-c657a1f0\" class=\"wp-block-themeisle-blocks-advanced-heading wp-block-themeisle-blocks-advanced-heading-c657a1f0\"> Dost\u0119pno\u015b\u0107 dla os\u00f3b z niepe\u0142nosprawno\u015bciami<\/h4>\n\n\n\n<h4 id=\"wp-block-themeisle-blocks-advanced-heading-0ecf35df\" class=\"wp-block-themeisle-blocks-advanced-heading wp-block-themeisle-blocks-advanced-heading-0ecf35df\"> <\/h4>\n\n\n\n<p id=\"wp-block-themeisle-blocks-advanced-heading-31b11950\" class=\"wp-block-themeisle-blocks-advanced-heading wp-block-themeisle-blocks-advanced-heading-31b11950\"> <\/p>\n<\/div>\n<\/div>\n\n\n\n<div id=\"wp-block-themeisle-blocks-advanced-column-78524861\" class=\"wp-block-themeisle-blocks-advanced-column\">\n<div class=\"wp-block-themeisle-blocks-service\">\n<div id=\"wp-block-themeisle-blocks-font-awesome-icons-fcd21217\" class=\"wp-block-themeisle-blocks-font-awesome-icons\"><span class=\"wp-block-themeisle-blocks-font-awesome-icons-container\"><svg xmlns=\"http:\/\/www.w3.org\/2000\/svg\" viewBox=\"0 0 1800 1800\" aria-hidden=\"true\"><line fill=\"none\" stroke=\"currentcolor\" stroke-width=\"10\" stroke-linecap=\"round\" stroke-linejoin=\"round\" stroke-miterlimit=\"10\" x1=\"904.328\" y1=\"1132.364\" x2=\"904.328\" y2=\"895.221\"><\/line><line fill=\"none\" stroke=\"currentcolor\" stroke-width=\"10\" stroke-linecap=\"round\" stroke-linejoin=\"round\" stroke-miterlimit=\"10\" x1=\"1122.56\" y1=\"1262.028\" x2=\"915.405\" y2=\"1146.604\"><\/line><line fill=\"none\" stroke=\"currentcolor\" stroke-width=\"10\" stroke-linecap=\"round\" stroke-linejoin=\"round\" stroke-miterlimit=\"10\" x1=\"686.239\" y1=\"1262.028\" x2=\"893.394\" y2=\"1146.604\"><\/line><path d=\"M974.697,512.844v-7.453c57.008-26.082,97.412-80.138,106.207-142.043 c24.032-8.717,40.98-31.933,40.98-58.221c0-22.63-12.225-42.889-31.146-53.695c1.969-6.164,3.585-12.379,4.831-18.586 c10.066-49.925-1.4-100.947-32.293-143.668c-30.385-42.033-76.063-71.018-128.615-81.617c-14.133-2.85-28.541-4.294-42.824-4.294 c-45.073,0-89.049,14.537-123.827,40.929c-35.818,27.174-60.31,65.782-68.967,108.718c-6.563,32.551-3.881,66.134,7.72,97.641 c-19.665,10.569-32.688,31.348-32.688,54.58c0,26.629,17.197,49.926,41.586,58.449c9.035,63.375,50.755,117.946,109.634,143.38 v5.885C703.003,540.551,618.678,632.024,618.678,738.92v28.549h106.436v-0.051h11.82v0.051h444.389V738.92 C1181.322,632.02,1096.998,540.551,974.697,512.844z M891.838,60.37c10.487,0,21.104,1.066,31.545,3.164 c38.423,7.75,71.671,28.738,93.623,59.098c20.469,28.305,28.713,61.591,23.443,94.254c-28.099-13.11-65.026-26.972-103.875-32.293 c-73.02-9.985-74.189-13.376-78.543-25.997l-13.939-40.344l-32.07,28.373c-3.413,3.005-29.25,25.717-59.067,50.42 c-0.821-10.957-0.134-21.943,2.067-32.853C767.147,104.033,824.688,60.37,891.838,60.37z M770.86,256.186 c20.026-16.2,39.808-32.93,54.121-45.206c19.836,17.894,50.771,22.927,103.848,30.187c36.003,4.926,71.31,19.343,96.846,32.006 v64.342c0,70.252-57.15,127.411-127.402,127.411c-70.257,0-127.412-57.159-127.412-127.411V256.186z M882.394,521.32 c11.808,1.04,23.542,0.916,35.208-0.313v17.627l-17.653,9.783l-17.554-9.753V521.32z M678.691,710.336 c13.105-63.942,69.255-117.096,146.604-138.622v0.551l74.606,41.448l74.796-41.427v-0.572 c77.361,21.526,133.515,74.692,146.611,138.647l-384.611-0.047v0.021H678.691z\"><\/path><path d=\"M376.487,1542.108v-7.458c57.009-26.082,97.414-80.139,106.208-142.039 c24.032-8.717,40.98-31.932,40.98-58.221c0-22.635-12.225-42.885-31.146-53.699c1.969-6.164,3.584-12.379,4.835-18.586 c10.062-49.921-1.406-100.942-32.293-143.668c-30.39-42.029-76.063-71.013-128.615-81.608c-14.128-2.854-28.541-4.298-42.829-4.298 c-45.072,0-89.049,14.537-123.827,40.929c-35.818,27.174-60.314,65.782-68.971,108.718c-6.559,32.551-3.877,66.139,7.724,97.641 c-19.665,10.57-32.689,31.349-32.689,54.576c0,26.633,17.198,49.93,41.583,58.449c9.035,63.375,50.755,117.947,109.638,143.385 v5.88c-122.292,27.707-206.617,119.176-206.617,226.067v28.558h106.436v-0.12h11.816v0.12h444.393v-28.558 C583.113,1661.284,498.788,1569.815,376.487,1542.108z M293.628,1089.631c10.488,0,21.105,1.065,31.545,3.172 c38.423,7.745,71.675,28.729,93.622,59.094c20.478,28.309,28.718,61.604,23.443,94.254c-28.103-13.11-65.034-26.977-103.874-32.294 c-73.02-9.985-74.189-13.38-78.548-25.996l-13.935-40.345l-32.092,28.391c-5.541,4.879-30.295,26.59-59.042,50.402 c-0.825-10.956-0.138-21.938,2.063-32.852C168.938,1133.297,226.476,1089.631,293.628,1089.631z M172.651,1285.445 c20.013-16.188,39.799-32.926,54.121-45.205c19.833,17.894,50.772,22.932,103.848,30.191c36.012,4.922,71.31,19.338,96.846,32.006 v64.342c0,70.252-57.155,127.406-127.403,127.406c-70.256,0-127.412-57.154-127.412-127.406V1285.445z M284.185,1550.584 c11.816,1.041,23.529,0.916,35.208-0.317v17.632l-17.657,9.778l-17.55-9.753V1550.584z M116.373,1739.6v0.025H80.474 c13.093-63.959,69.255-117.121,146.612-138.646v0.55l74.606,41.444l74.795-41.427v-0.567 c77.362,21.525,133.52,74.688,146.612,138.646l-384.611-0.051v0.025H116.373z\"><\/path><path d=\"M1572.91,1542.108v-7.458c57.009-26.082,97.414-80.139,106.207-142.039 c24.033-8.717,40.98-31.932,40.98-58.221c0-22.631-12.224-42.889-31.141-53.699c1.965-6.164,3.58-12.375,4.826-18.586 c10.067-49.921-1.4-100.942-32.293-143.668c-30.381-42.029-76.059-71.013-128.61-81.608c-14.129-2.854-28.537-4.298-42.833-4.298 c-45.068,0-89.045,14.537-123.822,40.929c-35.818,27.174-60.311,65.782-68.967,108.718c-6.564,32.551-3.882,66.13,7.719,97.641 c-19.664,10.57-32.688,31.349-32.688,54.576c0,26.633,17.198,49.93,41.587,58.449c9.035,63.379,50.754,117.951,109.633,143.385 v5.88c-122.296,27.707-206.621,119.176-206.621,226.067v28.558h106.436v-0.052h11.825v0.052h444.384v-28.558 C1779.531,1661.284,1695.207,1569.815,1572.91,1542.108z M1490.047,1089.631c10.488,0,21.104,1.065,31.55,3.172 c38.423,7.745,71.671,28.729,93.622,59.094c20.478,28.309,28.722,61.611,23.447,94.254c-28.103-13.11-65.033-26.977-103.883-32.294 c-73.016-9.985-74.185-13.38-78.539-26.001l-13.939-40.34l-32.151,28.442c-5.562,4.9-30.381,26.658-58.986,50.351 c-0.821-10.956-0.134-21.943,2.067-32.852C1365.36,1133.297,1422.894,1089.631,1490.047,1089.631z M1369.074,1285.445 c20.073-16.238,39.828-32.951,54.12-45.205c19.833,17.894,50.769,22.932,103.849,30.191c36.002,4.922,71.309,19.338,96.846,32.006 v64.342c0,70.252-57.15,127.406-127.403,127.406c-70.257,0-127.411-57.154-127.411-127.406V1285.445z M1480.607,1550.584 c11.803,1.041,23.533,0.912,35.203-0.317v17.632l-17.652,9.778l-17.551-9.753V1550.584z M1276.9,1739.6 c13.109-63.946,69.255-117.1,146.607-138.621v0.55l74.607,41.444l74.795-41.427v-0.567c77.37,21.521,133.52,74.688,146.612,138.646 l-384.616-0.051v0.025H1276.9z\"><\/path><\/svg><\/span><\/div>\n\n\n\n<h4 id=\"wp-block-themeisle-blocks-advanced-heading-92773087\" class=\"wp-block-themeisle-blocks-advanced-heading wp-block-themeisle-blocks-advanced-heading-92773087\"> Mediacja <\/h4>\n\n\n\n<p id=\"wp-block-themeisle-blocks-advanced-heading-3c1720c1\" class=\"wp-block-themeisle-blocks-advanced-heading wp-block-themeisle-blocks-advanced-heading-3c1720c1\"><\/p>\n<\/div>\n<\/div>\n\n\n\n<div id=\"wp-block-themeisle-blocks-advanced-column-bf96f229\" class=\"wp-block-themeisle-blocks-advanced-column\">\n<div class=\"wp-block-themeisle-blocks-service\">\n<div id=\"wp-block-themeisle-blocks-font-awesome-icons-49d8a89c\" class=\"wp-block-themeisle-blocks-font-awesome-icons\"><span class=\"wp-block-themeisle-blocks-font-awesome-icons-container\"><i class=\"fab fa-pagelines\"><\/i><\/span><\/div>\n\n\n\n<h4 id=\"wp-block-themeisle-blocks-advanced-heading-0ce47501\" class=\"wp-block-themeisle-blocks-advanced-heading wp-block-themeisle-blocks-advanced-heading-0ce47501\"> Prawo autorskie <\/h4>\n\n\n\n<p id=\"wp-block-themeisle-blocks-advanced-heading-2f996a58\" class=\"wp-block-themeisle-blocks-advanced-heading wp-block-themeisle-blocks-advanced-heading-2f996a58\"><\/p>\n<\/div>\n<\/div>\n<\/div><\/div>\n\n\n\n<div id=\"wp-block-themeisle-blocks-advanced-columns-770d07d8\" class=\"wp-block-themeisle-blocks-advanced-columns alignfull has-4-columns has-desktop-equal-layout has-tablet-equal-layout has-mobile-collapsedRows-layout has-vertical-unset\"><div class=\"wp-block-themeisle-blocks-advanced-columns-overlay\"><\/div><div class=\"innerblocks-wrap\">\n<div id=\"wp-block-themeisle-blocks-advanced-column-2548e6be\" class=\"wp-block-themeisle-blocks-advanced-column\">\n<div class=\"wp-block-themeisle-blocks-service\">\n<div id=\"wp-block-themeisle-blocks-font-awesome-icons-a585e900\" class=\"wp-block-themeisle-blocks-font-awesome-icons\"><span class=\"wp-block-themeisle-blocks-font-awesome-icons-container\"><svg xmlns=\"http:\/\/www.w3.org\/2000\/svg\" viewBox=\"0 0 1800 1800\" aria-hidden=\"true\"><path d=\"M1786.11,816.827c-0.656-2.722-1.644-5.309-2.966-7.695c0-0.009-0.004-0.017-0.004-0.017L1544.37,376.403 c-0.035-0.065-0.069-0.13-0.104-0.196l-0.052-0.091c-0.083-0.152-0.183-0.283-0.266-0.43c-0.073-0.122-0.152-0.244-0.222-0.365 c-0.252-0.426-0.504-0.861-0.782-1.283c-0.101-0.157-0.2-0.317-0.309-0.469c-0.191-0.283-0.404-0.544-0.604-0.813 c-0.287-0.4-0.578-0.8-0.892-1.187c-0.104-0.126-0.204-0.257-0.313-0.383c-0.257-0.313-0.535-0.604-0.805-0.9 c-0.296-0.331-0.587-0.657-0.896-0.974c-0.108-0.108-0.218-0.217-0.33-0.326c-0.331-0.326-0.679-0.635-1.022-0.943 c-0.282-0.256-0.556-0.517-0.848-0.761c-0.13-0.104-0.256-0.208-0.383-0.313c-0.404-0.326-0.821-0.626-1.234-0.93 c-0.261-0.188-0.504-0.387-0.773-0.57c-0.148-0.104-0.305-0.205-0.461-0.309c-0.435-0.283-0.883-0.543-1.331-0.804 c-0.112-0.069-0.226-0.144-0.339-0.209c-0.147-0.083-0.278-0.183-0.422-0.261c-0.013-0.009-0.03-0.013-0.043-0.021 c-0.17-0.092-0.344-0.179-0.514-0.266c-0.387-0.204-0.791-0.387-1.187-0.574c-0.526-0.248-1.052-0.496-1.591-0.717 c-0.356-0.148-0.727-0.27-1.092-0.4c-0.582-0.213-1.161-0.421-1.761-0.6c-0.392-0.117-0.791-0.204-1.183-0.305 c-0.47-0.121-0.931-0.265-1.408-0.36c-0.109-0.026-0.222-0.035-0.335-0.052c-0.426-0.087-0.861-0.139-1.291-0.2 c-0.487-0.078-0.975-0.174-1.461-0.222c0,0-0.03,0-0.044-0.004c-0.052,0-0.104,0-0.156-0.009c-0.521-0.048-1.052-0.061-1.583-0.087 c-0.443-0.018-0.882-0.057-1.321-0.057l-0.087-0.004h-0.087c-0.087,0-0.17,0-0.252,0H931.164V227.699 c46.116-13.509,79.902-56.168,79.902-106.597c0-61.246-49.829-111.075-111.075-111.075c-61.246,0-111.074,49.829-111.074,111.075 c0,50.433,33.794,93.097,79.919,106.605v132.3H283.351c0,0-0.061,0-0.091,0h-0.188h-0.043c-0.644,0-1.287,0.052-1.931,0.091 c-0.305,0.018-0.613,0.022-0.917,0.048c-0.757,0.07-1.509,0.191-2.257,0.313c-0.235,0.043-0.465,0.065-0.695,0.108 c-0.718,0.139-1.426,0.322-2.14,0.509c-0.27,0.074-0.548,0.13-0.817,0.209c-0.7,0.208-1.382,0.452-2.061,0.704 c-0.261,0.1-0.53,0.183-0.787,0.287c-0.635,0.261-1.248,0.548-1.865,0.843c-0.304,0.148-0.617,0.287-0.917,0.443 c-0.196,0.1-0.392,0.196-0.583,0.3c-0.013,0.009-0.031,0.013-0.043,0.021c-0.144,0.078-0.274,0.178-0.422,0.261 c-0.174,0.1-0.339,0.209-0.509,0.309c-0.369,0.222-0.743,0.435-1.1,0.67c-0.174,0.113-0.353,0.226-0.522,0.343 c-0.3,0.205-0.574,0.426-0.861,0.639c-0.37,0.274-0.743,0.535-1.1,0.826c-0.144,0.117-0.287,0.23-0.431,0.348 c-0.313,0.266-0.609,0.543-0.913,0.822c-0.313,0.278-0.626,0.556-0.926,0.852c-0.122,0.117-0.239,0.235-0.361,0.356 c-0.326,0.331-0.63,0.679-0.939,1.022c-0.248,0.274-0.504,0.543-0.739,0.831c-0.113,0.13-0.227,0.27-0.335,0.404 c-0.322,0.399-0.622,0.813-0.917,1.222c-0.191,0.256-0.387,0.5-0.565,0.765c-0.113,0.157-0.218,0.322-0.322,0.483 c-0.278,0.422-0.53,0.856-0.782,1.283c-0.078,0.13-0.156,0.256-0.235,0.387c-0.078,0.144-0.174,0.266-0.252,0.409l-0.052,0.091 c-0.035,0.065-0.069,0.131-0.104,0.196L16.864,809.11c-0.004,0.004-0.008,0.013-0.008,0.021c-1.322,2.387-2.309,4.974-2.965,7.695 c-0.587,2.418-0.9,4.861-0.905,7.296c0,0.013,0,0.026,0,0.039c0,148.932,121.162,270.094,270.092,270.094 c148.925,0,270.086-121.162,270.086-270.094c0-0.013-0.004-0.026-0.004-0.039c0-2.435-0.313-4.878-0.9-7.296 c-0.657-2.722-1.648-5.309-2.965-7.695c-0.004-0.009-0.004-0.017-0.004-0.017L335.862,422.336h532.974v933.441 c0,3.356,0.548,6.582,1.53,9.617c-116.218,12.348-208.584,96.527-226.327,205.889H434.676c-17.212,0-31.165,13.947-31.165,31.164 v156.36c0,17.208,13.952,31.164,31.165,31.164h930.643c17.213,0,31.164-13.956,31.164-31.164v-156.36 c0-17.217-13.951-31.164-31.164-31.164h-209.362c-17.747-109.361-110.109-193.533-226.323-205.889 c0.982-3.035,1.53-6.261,1.53-9.617V422.336h532.974L1250.715,809.11c0,0-0.005,0.013-0.009,0.021 c-1.317,2.387-2.309,4.974-2.965,7.695c-0.587,2.418-0.9,4.861-0.9,7.296c0,0.013-0.004,0.026-0.004,0.039 c0,148.932,121.161,270.094,270.086,270.094c148.931,0,270.092-121.162,270.092-270.094c0-0.013,0-0.026,0-0.039 C1787.01,821.688,1786.697,819.245,1786.11,816.827z M283.072,455.679l186.133,337.319H96.939L283.072,455.679z M283.077,1031.927 c-103.975,0-190.355-76.763-205.433-176.601h410.86C473.427,955.164,387.047,1031.927,283.077,1031.927z M851.245,121.103 c0-26.877,21.869-48.746,48.746-48.746c26.878,0,48.746,21.869,48.746,48.746c0,26.882-21.868,48.755-48.746,48.755 C873.114,169.857,851.245,147.984,851.245,121.103z M1334.155,1727.643H465.84v-94.031h206.333h455.65h206.332V1727.643z M1092.567,1571.283H707.428c18.704-83.589,97.532-145.187,192.567-145.187S1073.859,1487.694,1092.567,1571.283z M1703.061,792.998 h-372.266l186.133-337.319L1703.061,792.998z M1516.923,1031.927c-103.97,0-190.35-76.763-205.428-176.601h410.86 C1707.278,955.164,1620.898,1031.927,1516.923,1031.927z\"><\/path><\/svg><\/span><\/div>\n\n\n\n<h4 id=\"wp-block-themeisle-blocks-advanced-heading-ac66c660\" class=\"wp-block-themeisle-blocks-advanced-heading wp-block-themeisle-blocks-advanced-heading-ac66c660\"> Prawo cywilne<\/h4>\n\n\n\n<p id=\"wp-block-themeisle-blocks-advanced-heading-a5f1020f\" class=\"wp-block-themeisle-blocks-advanced-heading wp-block-themeisle-blocks-advanced-heading-a5f1020f\"> <\/p>\n<\/div>\n<\/div>\n\n\n\n<div id=\"wp-block-themeisle-blocks-advanced-column-0b065452\" class=\"wp-block-themeisle-blocks-advanced-column\">\n<div class=\"wp-block-themeisle-blocks-service\">\n<div id=\"wp-block-themeisle-blocks-font-awesome-icons-d69af6e8\" class=\"wp-block-themeisle-blocks-font-awesome-icons\"><span class=\"wp-block-themeisle-blocks-font-awesome-icons-container\"><i class=\"fas fa-home\"><\/i><\/span><\/div>\n\n\n\n<h4 id=\"wp-block-themeisle-blocks-advanced-heading-a80c0d21\" class=\"wp-block-themeisle-blocks-advanced-heading wp-block-themeisle-blocks-advanced-heading-a80c0d21\"> Prawo spadkowe <\/h4>\n\n\n\n<p id=\"wp-block-themeisle-blocks-advanced-heading-9fdc601a\" class=\"wp-block-themeisle-blocks-advanced-heading wp-block-themeisle-blocks-advanced-heading-9fdc601a\"> <\/p>\n<\/div>\n<\/div>\n\n\n\n<div id=\"wp-block-themeisle-blocks-advanced-column-b3062cc8\" class=\"wp-block-themeisle-blocks-advanced-column\">\n<div class=\"wp-block-themeisle-blocks-service\">\n<div id=\"wp-block-themeisle-blocks-font-awesome-icons-37f1c5af\" class=\"wp-block-themeisle-blocks-font-awesome-icons\"><span class=\"wp-block-themeisle-blocks-font-awesome-icons-container\"><i class=\"fab fa-atlassian\"><\/i><\/span><\/div>\n\n\n\n<h4 id=\"wp-block-themeisle-blocks-advanced-heading-7df1e6e1\" class=\"wp-block-themeisle-blocks-advanced-heading wp-block-themeisle-blocks-advanced-heading-7df1e6e1\">  Prawo zam\u00f3wie\u0144 publicznych <\/h4>\n\n\n\n<p id=\"wp-block-themeisle-blocks-advanced-heading-2f884f68\" class=\"wp-block-themeisle-blocks-advanced-heading wp-block-themeisle-blocks-advanced-heading-2f884f68\"> <\/p>\n<\/div>\n<\/div>\n\n\n\n<div id=\"wp-block-themeisle-blocks-advanced-column-0f4c038c\" class=\"wp-block-themeisle-blocks-advanced-column\">\n<div class=\"wp-block-themeisle-blocks-service\">\n<div id=\"wp-block-themeisle-blocks-font-awesome-icons-8982024e\" class=\"wp-block-themeisle-blocks-font-awesome-icons\"><span class=\"wp-block-themeisle-blocks-font-awesome-icons-container\"><i class=\"fas fa-dollar-sign\"><\/i><\/span><\/div>\n\n\n\n<h4 id=\"wp-block-themeisle-blocks-advanced-heading-f85589f7\" class=\"wp-block-themeisle-blocks-advanced-heading wp-block-themeisle-blocks-advanced-heading-f85589f7\"> Prawo gospodarcze <\/h4>\n\n\n\n<p id=\"wp-block-themeisle-blocks-advanced-heading-be194dd9\" class=\"wp-block-themeisle-blocks-advanced-heading wp-block-themeisle-blocks-advanced-heading-be194dd9\"> <\/p>\n<\/div>\n<\/div>\n<\/div><\/div>\n","protected":false},"excerpt":{"rendered":"","protected":false},"author":1,"featured_media":0,"parent":0,"menu_order":0,"comment_status":"closed","ping_status":"closed","template":"page-templates\/template-pagebuilder-full-width.php","meta":{"om_disable_all_campaigns":false,"_monsterinsights_skip_tracking":false,"_monsterinsights_sitenote_active":false,"_monsterinsights_sitenote_note":"","_monsterinsights_sitenote_category":0,"neve_meta_sidebar":"full-width","neve_meta_container":"contained","neve_meta_enable_content_width":"on","neve_meta_content_width":100,"neve_meta_title_alignment":"","neve_meta_author_avatar":"","neve_post_elements_order":"","neve_meta_disable_header":"","neve_meta_disable_footer":"","neve_meta_disable_title":"on","_themeisle_gutenberg_block_has_review":false,"_ti_tpc_template_sync":false,"_ti_tpc_template_id":"aar0h9z8vlrqwo62mu6h"},"aioseo_notices":[],"_links":{"self":[{"href":"https:\/\/magdalenapeda.pl\/index.php\/wp-json\/wp\/v2\/pages\/142"}],"collection":[{"href":"https:\/\/magdalenapeda.pl\/index.php\/wp-json\/wp\/v2\/pages"}],"about":[{"href":"https:\/\/magdalenapeda.pl\/index.php\/wp-json\/wp\/v2\/types\/page"}],"author":[{"embeddable":true,"href":"https:\/\/magdalenapeda.pl\/index.php\/wp-json\/wp\/v2\/users\/1"}],"replies":[{"embeddable":true,"href":"https:\/\/magdalenapeda.pl\/index.php\/wp-json\/wp\/v2\/comments?post=142"}],"version-history":[{"count":34,"href":"https:\/\/magdalenapeda.pl\/index.php\/wp-json\/wp\/v2\/pages\/142\/revisions"}],"predecessor-version":[{"id":299,"href":"https:\/\/magdalenapeda.pl\/index.php\/wp-json\/wp\/v2\/pages\/142\/revisions\/299"}],"wp:attachment":[{"href":"https:\/\/magdalenapeda.pl\/index.php\/wp-json\/wp\/v2\/media?parent=142"}],"curies":[{"name":"wp","href":"https:\/\/api.w.org\/{rel}","templated":true}]}}